{"id":8,"date":"2024-10-29T00:01:53","date_gmt":"2024-10-28T23:01:53","guid":{"rendered":"http:\/\/corevaluemarketing.org\/?page_id=8"},"modified":"2025-07-29T16:04:54","modified_gmt":"2025-07-29T15:04:54","slug":"impressum","status":"publish","type":"page","link":"https:\/\/corevaluemarketing.de\/en\/impressum\/","title":{"rendered":"Impressum"},"content":{"rendered":"<div data-elementor-type=\"wp-page\" data-elementor-id=\"8\" class=\"elementor elementor-8\" data-elementor-post-type=\"page\">\n\t\t\t\t\t\t<section class=\"elementor-section elementor-top-section elementor-element elementor-element-3c5efd4b elementor-section-boxed elementor-section-height-default elementor-section-height-default\" data-id=\"3c5efd4b\" data-element_type=\"section\" data-e-type=\"section\" data-settings=\"{&quot;background_background&quot;:&quot;classic&quot;}\">\n\t\t\t\t\t\t<div class=\"elementor-container elementor-column-gap-default\">\n\t\t\t\t\t<div class=\"elementor-column elementor-col-100 elementor-top-column elementor-element elementor-element-6a44c6ea\" data-id=\"6a44c6ea\" data-element_type=\"column\" data-e-type=\"column\">\n\t\t\t<div class=\"elementor-widget-wrap elementor-element-populated\">\n\t\t\t\t\t\t<div class=\"elementor-element elementor-element-007e14e elementor-widget elementor-widget-heading\" data-id=\"007e14e\" data-element_type=\"widget\" data-e-type=\"widget\" data-widget_type=\"heading.default\">\n\t\t\t\t<div class=\"elementor-widget-container\">\n\t\t\t\t\t<h1 class=\"elementor-heading-title elementor-size-default\">Impressum<\/h1>\t\t\t\t<\/div>\n\t\t\t\t<\/div>\n\t\t\t\t<div class=\"elementor-element elementor-element-113f0b7a elementor-widget elementor-widget-text-editor\" data-id=\"113f0b7a\" data-element_type=\"widget\" data-e-type=\"widget\" data-widget_type=\"text-editor.default\">\n\t\t\t\t<div class=\"elementor-widget-container\">\n\t\t\t\t\t\t\t\t\t<p><strong>Core Value Marketing UG (haftungsbeschr\u00e4nkt)<\/strong><br \/><strong>Ludwigstra\u00dfe 24<\/strong><br \/><strong>86152 Augsburg<\/strong><\/p>\n<p>Steuernummer 103\/123\/71699<\/p>\n<p><!-- \/wp:paragraph --><\/p>\n<p><!-- wp:paragraph --><\/p>\n<p>Tel.: +49 162 970 93 48<\/p>\n<p><!-- \/wp:paragraph --><\/p>\n<p><!-- wp:paragraph --><\/p>\n<p>Sitz der Gesellschaft:\u00a0Augsburg<br \/>Amtsgericht und Registriernummer:\u00a0Augsburg HRB 35505<br \/>Gesch\u00e4ftsf\u00fchrer:\u00a0Daniel W\u00f6rle<\/p>\n<p>Verantwortlich f\u00fcr den Inhalt nach \u00a7 55 Abs. 2 RStV:<br \/>s.o.<\/p>\n<p>\u00a0<\/p>\n<h2>Angaben zur Betriebshaftpflichtversicherung<\/h2>\n<p>Name und Sitz des Versicherers:<\/p>\n<p><strong>Versicherer<\/strong><\/p>\n<p>Baloise Sachversicherung AG<br \/>Basler Str. 4<br \/>61345 Bad Homburg<\/p>\n<p>\u00a0<\/p>\n<p><!-- \/wp:paragraph --><\/p>\n<p><!-- wp:heading --><\/p>\n<h2><strong>Hinweis gem\u00e4\u00df Online-Streitbeilegungs-Verordnung<\/strong><\/h2>\n<p><!-- \/wp:heading --><\/p>\n<p><!-- wp:paragraph --><\/p>\n<p>Nach geltendem Recht sind wir verpflichtet, Verbraucher auf die Existenz der Europ\u00e4ischen Online-Streitbeilegungs-Plattform hinzuweisen, die f\u00fcr die Beilegung von Streitigkeiten genutzt werden kann, ohne dass ein Gericht eingeschaltet werden muss. F\u00fcr die Einrichtung der Plattform ist die Europ\u00e4ische Kommission zust\u00e4ndig. Die Europ\u00e4ische Online-Streitbeilegungs-Plattform ist hier zu finden: <a href=\"https:\/\/ec.europa.eu\/consumers\/odr\/main\/?event=main.trader.register&amp;lng=DE\" target=\"_blank\" rel=\"noreferrer noopener\">http:\/\/ec.europa.eu\/odr<\/a>.<br \/>Unsere E-Mail lautet: <a href=\"mailto:daniel.woerle@corevaluemarketing.de\">daniel.woerle@corevaluemarketing.de<\/a><\/p>\n<p><!-- \/wp:paragraph --><\/p>\n<p><!-- wp:paragraph --><\/p>\n<p>Wir weisen aber darauf hin, dass wir nicht bereit sind, uns am Streitbeilegungsverfahren im Rahmen der Europ\u00e4ischen Online-Streitbeilegungs-Plattform zu beteiligen. Nutzen Sie zur Kontaktaufnahme bitte unsere obige E-Mail und Telefonnummer.<\/p>\n<p><!-- \/wp:paragraph --><\/p>\n<p><!-- wp:heading --><\/p>\n<p><strong>Hinweis gem\u00e4\u00df Verbraucherstreitbeilegungsgesetz (VSBG)<\/strong><\/p>\n<p><!-- \/wp:heading --><\/p>\n<p><!-- wp:paragraph --><\/p>\n<p>Wir sind nicht bereit und verpflichtet, an Streitbeilegungsverfahren vor einer Verbraucherschlichtungsstelle teilzunehmen.<\/p>\n<p><!-- \/wp:paragraph --><\/p>\n<p><!-- wp:heading --><\/p>\n<p><strong>Disclaimer \u2013 rechtliche Hinweise<\/strong><\/p>\n<p><!-- \/wp:heading --><\/p>\n<p><!-- wp:paragraph --><\/p>\n<p>\u00a7 1 Warnhinweis zu Inhalten<br \/>Die kostenlosen und frei zug\u00e4nglichen Inhalte dieser Webseite wurden mit gr\u00f6\u00dftm\u00f6glicher Sorgfalt erstellt. Der Anbieter dieser Webseite \u00fcbernimmt jedoch keine Gew\u00e4hr f\u00fcr die Richtigkeit und Aktualit\u00e4t der bereitgestellten kostenlosen und frei zug\u00e4nglichen journalistischen Ratgeber und Nachrichten. Namentlich gekennzeichnete Beitr\u00e4ge geben die Meinung des jeweiligen Autors und nicht immer die Meinung des Anbieters wieder. Allein durch den Aufruf der kostenlosen und frei zug\u00e4nglichen Inhalte kommt keinerlei Vertragsverh\u00e4ltnis zwischen dem Nutzer und dem Anbieter zustande, insoweit fehlt es am Rechtsbindungswillen des Anbieters.<\/p>\n<p><!-- \/wp:paragraph --><\/p>\n<p><!-- wp:paragraph --><\/p>\n<p>\u00a7 2 Externe Links<br \/>Diese Website enth\u00e4lt Verkn\u00fcpfungen zu Websites Dritter (\u201eexterne Links\u201c). Diese Websites unterliegen der Haftung der jeweiligen Betreiber. Der Anbieter hat bei der erstmaligen Verkn\u00fcpfung der externen Links die fremden Inhalte daraufhin \u00fcberpr\u00fcft, ob etwaige Rechtsverst\u00f6\u00dfe bestehen. Zu dem Zeitpunkt waren keine Rechtsverst\u00f6\u00dfe ersichtlich. Der Anbieter hat keinerlei Einfluss auf die aktuelle und zuk\u00fcnftige Gestaltung und auf die Inhalte der verkn\u00fcpften Seiten. Das Setzen von externen Links bedeutet nicht, dass sich der Anbieter die hinter dem Verweis oder Link liegenden Inhalte zu Eigen macht. Eine st\u00e4ndige Kontrolle der externen Links ist f\u00fcr den Anbieter ohne konkrete Hinweise auf Rechtsverst\u00f6\u00dfe nicht zumutbar. Bei Kenntnis von Rechtsverst\u00f6\u00dfen werden jedoch derartige externe Links unverz\u00fcglich gel\u00f6scht.<\/p>\n<p><!-- \/wp:paragraph --><\/p>\n<p><!-- wp:paragraph --><\/p>\n<p>\u00a7 3 Urheber- und Leistungsschutzrechte<br \/>Die auf dieser Website ver\u00f6ffentlichten Inhalte unterliegen dem deutschen Urheber- und Leistungsschutzrecht. Jede vom deutschen Urheber- und Leistungsschutzrecht nicht zugelassene Verwertung bedarf der vorherigen schriftlichen Zustimmung des Anbieters oder jeweiligen Rechteinhabers. Dies gilt insbesondere f\u00fcr Vervielf\u00e4ltigung, Bearbeitung, \u00dcbersetzung, Einspeicherung, Verarbeitung bzw. Wiedergabe von Inhalten in Datenbanken oder anderen elektronischen Medien und Systemen. Inhalte und Rechte Dritter sind dabei als solche gekennzeichnet. Die unerlaubte Vervielf\u00e4ltigung oder Weitergabe einzelner Inhalte oder kompletter Seiten ist nicht gestattet und strafbar. Lediglich die Herstellung von Kopien und Downloads f\u00fcr den pers\u00f6nlichen, privaten und nicht kommerziellen Gebrauch ist erlaubt.<\/p>\n<p><!-- \/wp:paragraph --><\/p>\n<p><!-- wp:paragraph --><\/p>\n<p>Die Darstellung dieser Website in fremden Frames ist nur mit schriftlicher Erlaubnis zul\u00e4ssig.<\/p>\n<p><!-- \/wp:paragraph --><\/p>\n<p><!-- wp:paragraph --><\/p>\n<p>\u00a7 4 Besondere Nutzungsbedingungen<br \/>Soweit besondere Bedingungen f\u00fcr einzelne Nutzungen dieser Website von den vorgenannten Paragraphen abweichen, wird an entsprechender Stelle ausdr\u00fccklich darauf hingewiesen. In diesem Falle gelten im jeweiligen Einzelfall die besonderen Nutzungsbedingungen.<\/p>\n<p><!-- \/wp:paragraph --><\/p>\n<p><!-- wp:paragraph --><\/p>\n<p>Quelle: <a href=\"https:\/\/www.juraforum.de\/impressum-generator\/\">Impressum Generator von JuraForum.de<\/a><\/p>\n<p><!-- \/wp:paragraph --><\/p>\n<p><!-- wp:heading {\"level\":3} --><\/p>\n<h2><strong>Datenschutz:<\/strong><\/h2>\n<p><!-- \/wp:heading --><\/p>\n<p><!-- wp:paragraph --><\/p>\n<p>Die Datenschutzerkl\u00e4rung finden Sie <a href=\"https:\/\/corevaluemarketing.de\/en\/datenschutzerklarung\/\">hier<\/a>.<\/p>\n<p><!-- \/wp:paragraph --><\/p>\t\t\t\t\t\t\t\t<\/div>\n\t\t\t\t<\/div>\n\t\t\t\t\t<\/div>\n\t\t<\/div>\n\t\t\t\t\t<\/div>\n\t\t<\/section>\n\t\t\t\t<\/div>","protected":false},"excerpt":{"rendered":"<p>Impressum Core Value Marketing UG (haftungsbeschr\u00e4nkt)Ludwigstra\u00dfe 2486152 Augsburg Steuernummer 103\/123\/71699 Tel.: +49 162 970 93 48 Sitz der Gesellschaft:\u00a0AugsburgAmtsgericht und Registriernummer:\u00a0Augsburg HRB 35505Gesch\u00e4ftsf\u00fchrer:\u00a0Daniel W\u00f6rle Verantwortlich f\u00fcr den Inhalt nach \u00a7 55 Abs. 2 RStV:s.o. \u00a0 Angaben zur Betriebshaftpflichtversicherung Name und Sitz des Versicherers: Versicherer Baloise Sachversicherung AGBasler Str. 461345 Bad Homburg \u00a0 Hinweis gem\u00e4\u00df Online-Streitbeilegungs-Verordnung [&hellip;]<\/p>\n","protected":false},"author":1,"featured_media":0,"parent":0,"menu_order":0,"comment_status":"closed","ping_status":"closed","template":"","meta":{"footnotes":""},"class_list":["post-8","page","type-page","status-publish","hentry"],"yoast_head":"<!-- This site is optimized with the Yoast SEO plugin v27.3 - https:\/\/yoast.com\/product\/yoast-seo-wordpress\/ -->\n<title>Impressum | CVM<\/title>\n<meta name=\"description\" content=\"Core Value Marketing UG (haftungsbeschr\u00e4nkt) | Ludwigstra\u00dfe 24 | 86152 Augsburg | Gesch\u00e4ftsf\u00fchrer Daniel W\u00f6rle\" \/>\n<meta name=\"robots\" content=\"index, follow, max-snippet:-1, max-image-preview:large, max-video-preview:-1\" \/>\n<link rel=\"canonical\" href=\"http:\/\/corevaluemarketing.de\/en\/impressum\/\" \/>\n<meta property=\"og:locale\" content=\"en_GB\" \/>\n<meta property=\"og:type\" content=\"article\" \/>\n<meta property=\"og:title\" content=\"Impressum | CVM\" \/>\n<meta property=\"og:description\" content=\"Core Value Marketing UG (haftungsbeschr\u00e4nkt) | Ludwigstra\u00dfe 24 | 86152 Augsburg | Gesch\u00e4ftsf\u00fchrer Daniel W\u00f6rle\" \/>\n<meta property=\"og:url\" content=\"http:\/\/corevaluemarketing.de\/en\/impressum\/\" \/>\n<meta property=\"og:site_name\" content=\"Core Value Marketing\" \/>\n<meta property=\"article:modified_time\" content=\"2025-07-29T15:04:54+00:00\" \/>\n<meta name=\"twitter:card\" content=\"summary_large_image\" \/>\n<script type=\"application\/ld+json\" class=\"yoast-schema-graph\">{\"@context\":\"https:\\\/\\\/schema.org\",\"@graph\":[{\"@type\":\"WebPage\",\"@id\":\"https:\\\/\\\/corevaluemarketing.de\\\/impressum\\\/\",\"url\":\"http:\\\/\\\/corevaluemarketing.de\\\/impressum\\\/\",\"name\":\"Impressum | CVM\",\"isPartOf\":{\"@id\":\"https:\\\/\\\/corevaluemarketing.de\\\/#website\"},\"datePublished\":\"2024-10-28T23:01:53+00:00\",\"dateModified\":\"2025-07-29T15:04:54+00:00\",\"description\":\"Core Value Marketing UG (haftungsbeschr\u00e4nkt) | Ludwigstra\u00dfe 24 | 86152 Augsburg | Gesch\u00e4ftsf\u00fchrer Daniel W\u00f6rle\",\"breadcrumb\":{\"@id\":\"http:\\\/\\\/corevaluemarketing.de\\\/impressum\\\/#breadcrumb\"},\"inLanguage\":\"en-GB\",\"potentialAction\":[{\"@type\":\"ReadAction\",\"target\":[\"http:\\\/\\\/corevaluemarketing.de\\\/impressum\\\/\"]}]},{\"@type\":\"BreadcrumbList\",\"@id\":\"http:\\\/\\\/corevaluemarketing.de\\\/impressum\\\/#breadcrumb\",\"itemListElement\":[{\"@type\":\"ListItem\",\"position\":1,\"name\":\"Start\",\"item\":\"https:\\\/\\\/corevaluemarketing.de\\\/\"},{\"@type\":\"ListItem\",\"position\":2,\"name\":\"Impressum\"}]},{\"@type\":\"WebSite\",\"@id\":\"https:\\\/\\\/corevaluemarketing.de\\\/#website\",\"url\":\"https:\\\/\\\/corevaluemarketing.de\\\/\",\"name\":\"Core Value Marketing\",\"description\":\"B2B-SEO Freelancer Partner\",\"publisher\":{\"@id\":\"https:\\\/\\\/corevaluemarketing.de\\\/#organization\"},\"potentialAction\":[{\"@type\":\"SearchAction\",\"target\":{\"@type\":\"EntryPoint\",\"urlTemplate\":\"https:\\\/\\\/corevaluemarketing.de\\\/?s={search_term_string}\"},\"query-input\":{\"@type\":\"PropertyValueSpecification\",\"valueRequired\":true,\"valueName\":\"search_term_string\"}}],\"inLanguage\":\"en-GB\"},{\"@type\":\"Organization\",\"@id\":\"https:\\\/\\\/corevaluemarketing.de\\\/#organization\",\"name\":\"Core Value Marketing UG (haftungsbeschr\u00e4nkt)\",\"url\":\"https:\\\/\\\/corevaluemarketing.de\\\/\",\"logo\":{\"@type\":\"ImageObject\",\"inLanguage\":\"en-GB\",\"@id\":\"https:\\\/\\\/corevaluemarketing.de\\\/#\\\/schema\\\/logo\\\/image\\\/\",\"url\":\"https:\\\/\\\/corevaluemarketing.de\\\/wp-content\\\/uploads\\\/2024\\\/09\\\/CVM-Logo-blau.svg\",\"contentUrl\":\"https:\\\/\\\/corevaluemarketing.de\\\/wp-content\\\/uploads\\\/2024\\\/09\\\/CVM-Logo-blau.svg\",\"width\":750,\"height\":300,\"caption\":\"Core Value Marketing UG (haftungsbeschr\u00e4nkt)\"},\"image\":{\"@id\":\"https:\\\/\\\/corevaluemarketing.de\\\/#\\\/schema\\\/logo\\\/image\\\/\"},\"sameAs\":[\"https:\\\/\\\/www.linkedin.com\\\/company\\\/core-value-marketing-ug-haftungsbeschr\u00e4nkt\"]}]}<\/script>\n<!-- \/ Yoast SEO plugin. -->","yoast_head_json":{"title":"Impressum | CVM","description":"Core Value Marketing UG (haftungsbeschr\u00e4nkt) | Ludwigstra\u00dfe 24 | 86152 Augsburg | Gesch\u00e4ftsf\u00fchrer Daniel W\u00f6rle","robots":{"index":"index","follow":"follow","max-snippet":"max-snippet:-1","max-image-preview":"max-image-preview:large","max-video-preview":"max-video-preview:-1"},"canonical":"http:\/\/corevaluemarketing.de\/en\/impressum\/","og_locale":"en_GB","og_type":"article","og_title":"Impressum | CVM","og_description":"Core Value Marketing UG (haftungsbeschr\u00e4nkt) | Ludwigstra\u00dfe 24 | 86152 Augsburg | Gesch\u00e4ftsf\u00fchrer Daniel W\u00f6rle","og_url":"http:\/\/corevaluemarketing.de\/en\/impressum\/","og_site_name":"Core Value Marketing","article_modified_time":"2025-07-29T15:04:54+00:00","twitter_card":"summary_large_image","schema":{"@context":"https:\/\/schema.org","@graph":[{"@type":"WebPage","@id":"https:\/\/corevaluemarketing.de\/impressum\/","url":"http:\/\/corevaluemarketing.de\/impressum\/","name":"Impressum | CVM","isPartOf":{"@id":"https:\/\/corevaluemarketing.de\/#website"},"datePublished":"2024-10-28T23:01:53+00:00","dateModified":"2025-07-29T15:04:54+00:00","description":"Core Value Marketing UG (haftungsbeschr\u00e4nkt) | Ludwigstra\u00dfe 24 | 86152 Augsburg | Gesch\u00e4ftsf\u00fchrer Daniel W\u00f6rle","breadcrumb":{"@id":"http:\/\/corevaluemarketing.de\/impressum\/#breadcrumb"},"inLanguage":"en-GB","potentialAction":[{"@type":"ReadAction","target":["http:\/\/corevaluemarketing.de\/impressum\/"]}]},{"@type":"BreadcrumbList","@id":"http:\/\/corevaluemarketing.de\/impressum\/#breadcrumb","itemListElement":[{"@type":"ListItem","position":1,"name":"Start","item":"https:\/\/corevaluemarketing.de\/"},{"@type":"ListItem","position":2,"name":"Impressum"}]},{"@type":"WebSite","@id":"https:\/\/corevaluemarketing.de\/#website","url":"https:\/\/corevaluemarketing.de\/","name":"Core Value Marketing","description":"B2B-SEO Freelancer Partner","publisher":{"@id":"https:\/\/corevaluemarketing.de\/#organization"},"potentialAction":[{"@type":"SearchAction","target":{"@type":"EntryPoint","urlTemplate":"https:\/\/corevaluemarketing.de\/?s={search_term_string}"},"query-input":{"@type":"PropertyValueSpecification","valueRequired":true,"valueName":"search_term_string"}}],"inLanguage":"en-GB"},{"@type":"Organization","@id":"https:\/\/corevaluemarketing.de\/#organization","name":"Core Value Marketing UG (haftungsbeschr\u00e4nkt)","url":"https:\/\/corevaluemarketing.de\/","logo":{"@type":"ImageObject","inLanguage":"en-GB","@id":"https:\/\/corevaluemarketing.de\/#\/schema\/logo\/image\/","url":"https:\/\/corevaluemarketing.de\/wp-content\/uploads\/2024\/09\/CVM-Logo-blau.svg","contentUrl":"https:\/\/corevaluemarketing.de\/wp-content\/uploads\/2024\/09\/CVM-Logo-blau.svg","width":750,"height":300,"caption":"Core Value Marketing UG (haftungsbeschr\u00e4nkt)"},"image":{"@id":"https:\/\/corevaluemarketing.de\/#\/schema\/logo\/image\/"},"sameAs":["https:\/\/www.linkedin.com\/company\/core-value-marketing-ug-haftungsbeschr\u00e4nkt"]}]}},"_links":{"self":[{"href":"https:\/\/corevaluemarketing.de\/en\/wp-json\/wp\/v2\/pages\/8","targetHints":{"allow":["GET"]}}],"collection":[{"href":"https:\/\/corevaluemarketing.de\/en\/wp-json\/wp\/v2\/pages"}],"about":[{"href":"https:\/\/corevaluemarketing.de\/en\/wp-json\/wp\/v2\/types\/page"}],"author":[{"embeddable":true,"href":"https:\/\/corevaluemarketing.de\/en\/wp-json\/wp\/v2\/users\/1"}],"replies":[{"embeddable":true,"href":"https:\/\/corevaluemarketing.de\/en\/wp-json\/wp\/v2\/comments?post=8"}],"version-history":[{"count":52,"href":"https:\/\/corevaluemarketing.de\/en\/wp-json\/wp\/v2\/pages\/8\/revisions"}],"predecessor-version":[{"id":19199,"href":"https:\/\/corevaluemarketing.de\/en\/wp-json\/wp\/v2\/pages\/8\/revisions\/19199"}],"wp:attachment":[{"href":"https:\/\/corevaluemarketing.de\/en\/wp-json\/wp\/v2\/media?parent=8"}],"curies":[{"name":"wp","href":"https:\/\/api.w.org\/{rel}","templated":true}]}}